{"id":1957,"date":"2020-12-10T07:09:07","date_gmt":"2020-12-10T06:09:07","guid":{"rendered":"https:\/\/buggyfit.ch\/?page_id=1957"},"modified":"2020-12-10T07:09:07","modified_gmt":"2020-12-10T06:09:07","slug":"comment-vas-tu","status":"publish","type":"page","link":"https:\/\/buggyfit.ch\/fr\/comment-vas-tu\/","title":{"rendered":"Comment vas-tu?"},"content":{"rendered":"<div class=\"wpb-content-wrapper\"><p>[vc_row css_animation=\u00a0\u00bbnone\u00a0\u00bb][vc_column][vc_column_text]In der Schwangerschaft und nach der Geburt gibt es neben den k\u00f6rperlichen Ver\u00e4nderungen auch psychische, seelische und soziale Ver\u00e4nderungen. Das kann sich in ganz unterschiedlichen Situationen zeigen, z.B. im Verhalten in der Paarbeziehung, am Arbeitsplatz oder einfach in ihrem pers\u00f6nlichen Erleben. Manchmal scheinen die Gef\u00fchle auch ohne erkennbaren Anlass ver\u00e4ndert oder Sie f\u00fchlen, als ob Sie neben sich selber stehen w\u00fcrden.<\/p>\n<p>Jede Frau erlebt auf die eine oder andere Art diese Ver\u00e4nderungen: einige Bereiche k\u00f6nnen sehr erfreulich sein, es k\u00f6nnen sich aber auch belastende Situationen ergeben. Wenn\u00a0diese Belastungen l\u00e4nger andauern, k\u00f6nnen sie Ihr Wohlbefinden sowie das Ihrer Familie beeintr\u00e4chtigen. Darum kann es manchmal sinnvoll sein, das Wohlbefinden zu beobachten und sich fr\u00fchzeitig Unterst\u00fctzung zu holen.<\/p>\n<p>Mit dem folgenden Fragebogen erhalten Sie die M\u00f6glichkeit Ihre Gef\u00fchle etwas einzuordnen und, falls Sie das m\u00f6chten, enth\u00e4lt die Webseite auch Infos, wo Sie sich Hilfe holen k\u00f6nnen.<\/p>\n<p>Der Verein\u00a0\u00ab<a href=\"https:\/\/postpartale-depression.ch\/de\/\">Postpartale Depression<\/a>\u00bb\u00a0stellt diesen Online-Fragebogen zur Verf\u00fcgung und zeigt Ihnen auch Wege auf, wie es weitergehen k\u00f6nnte.<\/p>\n<p>Hier ist der Link: <a href=\"https:\/\/postpartale-depression.ch\/de\/component\/rsform\/form\/3-fragebogen-zur-selbsteinschaetzung.html?Itemid=528\">Fragebogen<\/a><\/p>\n<p>Unser Tipp: Bewegung, v.a. an der frischen Luft, hat einen positiven Effekt auf die Seele und das Gem\u00fct.[\/vc_column_text][\/vc_column][\/vc_row]<\/p>\n<\/div>","protected":false},"excerpt":{"rendered":"<p>[vc_row css_animation=\u00a0\u00bbnone\u00a0\u00bb][vc_column][vc_column_text]In der Schwangerschaft und nach der Geburt gibt es neben den k\u00f6rperlichen Ver\u00e4nderungen auch psychische, seelische und soziale Ver\u00e4nderungen. Das kann sich in ganz unterschiedlichen Situationen zeigen, z.B. im Verhalten in der Paarbeziehung, am Arbeitsplatz oder einfach in ihrem pers\u00f6nlichen Erleben. Manchmal scheinen die Gef\u00fchle auch ohne erkennbaren Anlass ver\u00e4ndert oder Sie f\u00fchlen, als [&hellip;]<\/p>\n","protected":false},"author":4,"featured_media":0,"parent":0,"menu_order":15,"comment_status":"closed","ping_status":"closed","template":"single-headerimg.php","meta":{"_acf_changed":false,"footnotes":""},"class_list":["post-1957","page","type-page","status-publish","hentry"],"acf":[],"yoast_head":"<!-- This site is optimized with the Yoast SEO plugin v27.1.1 - https:\/\/yoast.com\/product\/yoast-seo-wordpress\/ -->\n<title>wie geht&#039;s dir?<\/title>\n<meta name=\"description\" content=\"psychische Gesundheit in der Schwangerschaft und nach der Geburt online Fragebogen postpartale Depression\" \/>\n<meta name=\"robots\" content=\"index, follow, max-snippet:-1, max-image-preview:large, max-video-preview:-1\" \/>\n<link rel=\"canonical\" href=\"https:\/\/buggyfit.ch\/fr\/comment-vas-tu\/\" \/>\n<meta property=\"og:locale\" content=\"fr_FR\" \/>\n<meta property=\"og:type\" content=\"article\" \/>\n<meta property=\"og:title\" content=\"wie geht&#039;s dir?\" \/>\n<meta property=\"og:description\" content=\"psychische Gesundheit in der Schwangerschaft und nach der Geburt online Fragebogen postpartale Depression\" \/>\n<meta property=\"og:url\" content=\"https:\/\/buggyfit.ch\/fr\/comment-vas-tu\/\" \/>\n<meta property=\"og:site_name\" content=\"Buggyfit\" \/>\n<meta name=\"twitter:card\" content=\"summary_large_image\" \/>\n<meta name=\"twitter:label1\" content=\"Dur\u00e9e de lecture estim\u00e9e\" \/>\n\t<meta name=\"twitter:data1\" content=\"1 minute\" \/>\n<script type=\"application\/ld+json\" class=\"yoast-schema-graph\">{\"@context\":\"https:\/\/schema.org\",\"@graph\":[{\"@type\":\"WebPage\",\"@id\":\"https:\/\/buggyfit.ch\/fr\/comment-vas-tu\/\",\"url\":\"https:\/\/buggyfit.ch\/fr\/comment-vas-tu\/\",\"name\":\"wie geht's dir?\",\"isPartOf\":{\"@id\":\"https:\/\/buggyfit.ch\/fr\/#website\"},\"datePublished\":\"2020-12-10T06:09:07+00:00\",\"description\":\"psychische Gesundheit in der Schwangerschaft und nach der Geburt online Fragebogen postpartale Depression\",\"breadcrumb\":{\"@id\":\"https:\/\/buggyfit.ch\/fr\/comment-vas-tu\/#breadcrumb\"},\"inLanguage\":\"fr-FR\",\"potentialAction\":[{\"@type\":\"ReadAction\",\"target\":[\"https:\/\/buggyfit.ch\/fr\/comment-vas-tu\/\"]}]},{\"@type\":\"BreadcrumbList\",\"@id\":\"https:\/\/buggyfit.ch\/fr\/comment-vas-tu\/#breadcrumb\",\"itemListElement\":[{\"@type\":\"ListItem\",\"position\":1,\"name\":\"Home\",\"item\":\"https:\/\/buggyfit.ch\/fr\/\"},{\"@type\":\"ListItem\",\"position\":2,\"name\":\"Comment vas-tu?\"}]},{\"@type\":\"WebSite\",\"@id\":\"https:\/\/buggyfit.ch\/fr\/#website\",\"url\":\"https:\/\/buggyfit.ch\/fr\/\",\"name\":\"Buggyfit\",\"description\":\"\",\"potentialAction\":[{\"@type\":\"SearchAction\",\"target\":{\"@type\":\"EntryPoint\",\"urlTemplate\":\"https:\/\/buggyfit.ch\/fr\/?s={search_term_string}\"},\"query-input\":{\"@type\":\"PropertyValueSpecification\",\"valueRequired\":true,\"valueName\":\"search_term_string\"}}],\"inLanguage\":\"fr-FR\"}]}<\/script>\n<!-- \/ Yoast SEO plugin. -->","yoast_head_json":{"title":"wie geht's dir?","description":"psychische Gesundheit in der Schwangerschaft und nach der Geburt online Fragebogen postpartale Depression","robots":{"index":"index","follow":"follow","max-snippet":"max-snippet:-1","max-image-preview":"max-image-preview:large","max-video-preview":"max-video-preview:-1"},"canonical":"https:\/\/buggyfit.ch\/fr\/comment-vas-tu\/","og_locale":"fr_FR","og_type":"article","og_title":"wie geht's dir?","og_description":"psychische Gesundheit in der Schwangerschaft und nach der Geburt online Fragebogen postpartale Depression","og_url":"https:\/\/buggyfit.ch\/fr\/comment-vas-tu\/","og_site_name":"Buggyfit","twitter_card":"summary_large_image","twitter_misc":{"Dur\u00e9e de lecture estim\u00e9e":"1 minute"},"schema":{"@context":"https:\/\/schema.org","@graph":[{"@type":"WebPage","@id":"https:\/\/buggyfit.ch\/fr\/comment-vas-tu\/","url":"https:\/\/buggyfit.ch\/fr\/comment-vas-tu\/","name":"wie geht's dir?","isPartOf":{"@id":"https:\/\/buggyfit.ch\/fr\/#website"},"datePublished":"2020-12-10T06:09:07+00:00","description":"psychische Gesundheit in der Schwangerschaft und nach der Geburt online Fragebogen postpartale Depression","breadcrumb":{"@id":"https:\/\/buggyfit.ch\/fr\/comment-vas-tu\/#breadcrumb"},"inLanguage":"fr-FR","potentialAction":[{"@type":"ReadAction","target":["https:\/\/buggyfit.ch\/fr\/comment-vas-tu\/"]}]},{"@type":"BreadcrumbList","@id":"https:\/\/buggyfit.ch\/fr\/comment-vas-tu\/#breadcrumb","itemListElement":[{"@type":"ListItem","position":1,"name":"Home","item":"https:\/\/buggyfit.ch\/fr\/"},{"@type":"ListItem","position":2,"name":"Comment vas-tu?"}]},{"@type":"WebSite","@id":"https:\/\/buggyfit.ch\/fr\/#website","url":"https:\/\/buggyfit.ch\/fr\/","name":"Buggyfit","description":"","potentialAction":[{"@type":"SearchAction","target":{"@type":"EntryPoint","urlTemplate":"https:\/\/buggyfit.ch\/fr\/?s={search_term_string}"},"query-input":{"@type":"PropertyValueSpecification","valueRequired":true,"valueName":"search_term_string"}}],"inLanguage":"fr-FR"}]}},"_links":{"self":[{"href":"https:\/\/buggyfit.ch\/fr\/wp-json\/wp\/v2\/pages\/1957","targetHints":{"allow":["GET"]}}],"collection":[{"href":"https:\/\/buggyfit.ch\/fr\/wp-json\/wp\/v2\/pages"}],"about":[{"href":"https:\/\/buggyfit.ch\/fr\/wp-json\/wp\/v2\/types\/page"}],"author":[{"embeddable":true,"href":"https:\/\/buggyfit.ch\/fr\/wp-json\/wp\/v2\/users\/4"}],"replies":[{"embeddable":true,"href":"https:\/\/buggyfit.ch\/fr\/wp-json\/wp\/v2\/comments?post=1957"}],"version-history":[{"count":5,"href":"https:\/\/buggyfit.ch\/fr\/wp-json\/wp\/v2\/pages\/1957\/revisions"}],"predecessor-version":[{"id":2000,"href":"https:\/\/buggyfit.ch\/fr\/wp-json\/wp\/v2\/pages\/1957\/revisions\/2000"}],"wp:attachment":[{"href":"https:\/\/buggyfit.ch\/fr\/wp-json\/wp\/v2\/media?parent=1957"}],"curies":[{"name":"wp","href":"https:\/\/api.w.org\/{rel}","templated":true}]}}