{"id":1166,"date":"2018-03-22T14:05:54","date_gmt":"2018-03-22T13:05:54","guid":{"rendered":"https:\/\/buggyfit.ch\/impressum\/"},"modified":"2022-01-28T09:29:11","modified_gmt":"2022-01-28T08:29:11","slug":"mentions-legales","status":"publish","type":"page","link":"https:\/\/buggyfit.ch\/fr\/mentions-legales\/","title":{"rendered":"Mentions l\u00e9gales"},"content":{"rendered":"<div class=\"wpb-content-wrapper\"><p>[vc_row][vc_column][vc_column_text]<\/p>\n<h1>Mentions l\u00e9gales<\/h1>\n<h3>\u00c9diteur<\/h3>\n<p>Sibylle Abt, Gesch\u00e4ftsf\u00fchrerin Verein PEBS, dipl. Ern\u00e4hrungsberaterin BSc und MAS Prevention and Health Promotion<br \/>\nPD Dr. med. Katharina Quack L\u00f6tscher\u00a0 MPH, Pr\u00e4sidentin Verein PEBS und Gesch\u00e4ftsf\u00fchrerin nutrimove GmbH<\/p>\n<address>Verein PEBS<br \/>\nLeimgrubstrasse 4e<br \/>\n8340 Hinwil<\/address>\n<address>verein_pebs@buggyfit.ch<br \/>\n077 206 60 84<\/address>\n<address>\u00a0<\/address>\n<address>nutrimove GmbH<br \/>\nLeimgrubstrasse 10<br \/>\n8340 Hinwil<\/address>\n<address><a class=\"mail\" href=\"mailto:katharina@buggyfit.ch\">katharina@buggyfit.ch<\/a><br \/>\n<a class=\"phone\" href=\"tel:077 206 60 84\">077 206 60 84<\/a><\/address>\n<h3>Conception, design, programmation<\/h3>\n<p>Schmucki Agentur f\u00fcr Kommunikation AG<br \/>\n8610 Uster<br \/>\n<a title=\"Schmucki Agentur f\u00fcr Kommunikation AG\" href=\"https:\/\/www.schmucki.swiss\" target=\"_blank\" rel=\"noopener noreferrer\">www.schmucki.swiss<\/a><\/p>\n<h3>Clause de non-responsabilit\u00e9<\/h3>\n<p>L\u2019auteur d\u00e9cline toute responsabilit\u00e9 quant \u00e0 l\u2019exactitude, la pr\u00e9cision, l\u2019actualit\u00e9, la fiabilit\u00e9 et l\u2019exhaustivit\u00e9 des informations mises \u00e0 disposition.<\/p>\n<p>La responsabilit\u00e9 de l\u2019auteur est exclue en cas de dommages mat\u00e9riels ou immat\u00e9riels r\u00e9sultant de l\u2019acc\u00e8s, de l\u2019utilisation ou de la non-utilisation des informations publi\u00e9es, d\u2019une mauvaise utilisation de la connexion ou de d\u00e9faillances techniques.<\/p>\n<p>Toutes les offres sont sans engagement. L\u2019auteur se r\u00e9serve express\u00e9ment le droit de modifier, de compl\u00e9ter ou d\u2019effacer des parties des pages ou l\u2019ensemble de l\u2019offre sans avis pr\u00e9alable ou d\u2019en suspendre temporairement ou d\u00e9finitivement la publication.<\/p>\n<h3>Responsabilit\u00e9 pour les liens<\/h3>\n<p>Les r\u00e9f\u00e9rences et les liens vers des sites Web de tiers ne rel\u00e8vent pas de notre responsabilit\u00e9. Toute responsabilit\u00e9 pour ces sites Web est rejet\u00e9e. L\u2019acc\u00e8s \u00e0 ces sites Web et leur utilisation se font aux risques et p\u00e9rils de l\u2019utilisateur.<\/p>\n<h3>Droits d\u2019auteur<\/h3>\n<p>Les droits d\u2019auteur et tous les autres droits sur les contenus, images, photos ou autres fichiers du site appartiennent exclusivement \u00e0 nutrimove GmbH de libre passage ou les titulaires de droits sp\u00e9cifiquement d\u00e9sign\u00e9s. La reproduction de tout \u00e9l\u00e9ment doit faire l\u2019objet d\u2019une autorisation \u00e9crite au pr\u00e9alable du d\u00e9tenteur des droits d\u2019auteur.<\/p>\n<p>\u00a9 Copyright nutrimove GmbH de libre passage \u2013 all rights reserved.[\/vc_column_text][\/vc_column][\/vc_row]<\/p>\n<\/div>","protected":false},"excerpt":{"rendered":"<p>[vc_row][vc_column][vc_column_text] Mentions l\u00e9gales \u00c9diteur Sibylle Abt, Gesch\u00e4ftsf\u00fchrerin Verein PEBS, dipl. Ern\u00e4hrungsberaterin BSc und MAS Prevention and Health Promotion PD Dr. med. Katharina Quack L\u00f6tscher\u00a0 MPH, Pr\u00e4sidentin Verein PEBS und Gesch\u00e4ftsf\u00fchrerin nutrimove GmbH Verein PEBS Leimgrubstrasse 4e 8340 Hinwil verein_pebs@buggyfit.ch 077 206 60 84 \u00a0 nutrimove GmbH Leimgrubstrasse 10 8340 Hinwil katharina@buggyfit.ch 077 206 60 84 [&hellip;]<\/p>\n","protected":false},"author":3,"featured_media":0,"parent":0,"menu_order":38,"comment_status":"closed","ping_status":"closed","template":"","meta":{"_acf_changed":false,"footnotes":""},"class_list":["post-1166","page","type-page","status-publish","hentry"],"acf":[],"yoast_head":"<!-- This site is optimized with the Yoast SEO plugin v27.1.1 - https:\/\/yoast.com\/product\/yoast-seo-wordpress\/ -->\n<title>Impressum | buggyfit.ch<\/title>\n<meta name=\"robots\" content=\"index, follow, max-snippet:-1, max-image-preview:large, max-video-preview:-1\" \/>\n<link rel=\"canonical\" href=\"https:\/\/buggyfit.ch\/fr\/mentions-legales\/\" \/>\n<meta property=\"og:locale\" content=\"fr_FR\" \/>\n<meta property=\"og:type\" content=\"article\" \/>\n<meta property=\"og:title\" content=\"Impressum | buggyfit.ch\" \/>\n<meta property=\"og:description\" content=\"[vc_row][vc_column][vc_column_text] Mentions l\u00e9gales \u00c9diteur Sibylle Abt, Gesch\u00e4ftsf\u00fchrerin Verein PEBS, dipl. Ern\u00e4hrungsberaterin BSc und MAS Prevention and Health Promotion PD Dr. med. Katharina Quack L\u00f6tscher\u00a0 MPH, Pr\u00e4sidentin Verein PEBS und Gesch\u00e4ftsf\u00fchrerin nutrimove GmbH Verein PEBS Leimgrubstrasse 4e 8340 Hinwil verein_pebs@buggyfit.ch 077 206 60 84 \u00a0 nutrimove GmbH Leimgrubstrasse 10 8340 Hinwil katharina@buggyfit.ch 077 206 60 84 [&hellip;]\" \/>\n<meta property=\"og:url\" content=\"https:\/\/buggyfit.ch\/fr\/mentions-legales\/\" \/>\n<meta property=\"og:site_name\" content=\"Buggyfit\" \/>\n<meta property=\"article:modified_time\" content=\"2022-01-28T08:29:11+00:00\" \/>\n<meta name=\"twitter:card\" content=\"summary_large_image\" \/>\n<meta name=\"twitter:label1\" content=\"Dur\u00e9e de lecture estim\u00e9e\" \/>\n\t<meta name=\"twitter:data1\" content=\"2 minutes\" \/>\n<script type=\"application\/ld+json\" class=\"yoast-schema-graph\">{\"@context\":\"https:\/\/schema.org\",\"@graph\":[{\"@type\":\"WebPage\",\"@id\":\"https:\/\/buggyfit.ch\/fr\/mentions-legales\/\",\"url\":\"https:\/\/buggyfit.ch\/fr\/mentions-legales\/\",\"name\":\"Impressum | buggyfit.ch\",\"isPartOf\":{\"@id\":\"https:\/\/buggyfit.ch\/fr\/#website\"},\"datePublished\":\"2018-03-22T13:05:54+00:00\",\"dateModified\":\"2022-01-28T08:29:11+00:00\",\"breadcrumb\":{\"@id\":\"https:\/\/buggyfit.ch\/fr\/mentions-legales\/#breadcrumb\"},\"inLanguage\":\"fr-FR\",\"potentialAction\":[{\"@type\":\"ReadAction\",\"target\":[\"https:\/\/buggyfit.ch\/fr\/mentions-legales\/\"]}]},{\"@type\":\"BreadcrumbList\",\"@id\":\"https:\/\/buggyfit.ch\/fr\/mentions-legales\/#breadcrumb\",\"itemListElement\":[{\"@type\":\"ListItem\",\"position\":1,\"name\":\"Home\",\"item\":\"https:\/\/buggyfit.ch\/fr\/\"},{\"@type\":\"ListItem\",\"position\":2,\"name\":\"Mentions l\u00e9gales\"}]},{\"@type\":\"WebSite\",\"@id\":\"https:\/\/buggyfit.ch\/fr\/#website\",\"url\":\"https:\/\/buggyfit.ch\/fr\/\",\"name\":\"Buggyfit\",\"description\":\"\",\"potentialAction\":[{\"@type\":\"SearchAction\",\"target\":{\"@type\":\"EntryPoint\",\"urlTemplate\":\"https:\/\/buggyfit.ch\/fr\/?s={search_term_string}\"},\"query-input\":{\"@type\":\"PropertyValueSpecification\",\"valueRequired\":true,\"valueName\":\"search_term_string\"}}],\"inLanguage\":\"fr-FR\"}]}<\/script>\n<!-- \/ Yoast SEO plugin. -->","yoast_head_json":{"title":"Impressum | buggyfit.ch","robots":{"index":"index","follow":"follow","max-snippet":"max-snippet:-1","max-image-preview":"max-image-preview:large","max-video-preview":"max-video-preview:-1"},"canonical":"https:\/\/buggyfit.ch\/fr\/mentions-legales\/","og_locale":"fr_FR","og_type":"article","og_title":"Impressum | buggyfit.ch","og_description":"[vc_row][vc_column][vc_column_text] Mentions l\u00e9gales \u00c9diteur Sibylle Abt, Gesch\u00e4ftsf\u00fchrerin Verein PEBS, dipl. Ern\u00e4hrungsberaterin BSc und MAS Prevention and Health Promotion PD Dr. med. Katharina Quack L\u00f6tscher\u00a0 MPH, Pr\u00e4sidentin Verein PEBS und Gesch\u00e4ftsf\u00fchrerin nutrimove GmbH Verein PEBS Leimgrubstrasse 4e 8340 Hinwil verein_pebs@buggyfit.ch 077 206 60 84 \u00a0 nutrimove GmbH Leimgrubstrasse 10 8340 Hinwil katharina@buggyfit.ch 077 206 60 84 [&hellip;]","og_url":"https:\/\/buggyfit.ch\/fr\/mentions-legales\/","og_site_name":"Buggyfit","article_modified_time":"2022-01-28T08:29:11+00:00","twitter_card":"summary_large_image","twitter_misc":{"Dur\u00e9e de lecture estim\u00e9e":"2 minutes"},"schema":{"@context":"https:\/\/schema.org","@graph":[{"@type":"WebPage","@id":"https:\/\/buggyfit.ch\/fr\/mentions-legales\/","url":"https:\/\/buggyfit.ch\/fr\/mentions-legales\/","name":"Impressum | buggyfit.ch","isPartOf":{"@id":"https:\/\/buggyfit.ch\/fr\/#website"},"datePublished":"2018-03-22T13:05:54+00:00","dateModified":"2022-01-28T08:29:11+00:00","breadcrumb":{"@id":"https:\/\/buggyfit.ch\/fr\/mentions-legales\/#breadcrumb"},"inLanguage":"fr-FR","potentialAction":[{"@type":"ReadAction","target":["https:\/\/buggyfit.ch\/fr\/mentions-legales\/"]}]},{"@type":"BreadcrumbList","@id":"https:\/\/buggyfit.ch\/fr\/mentions-legales\/#breadcrumb","itemListElement":[{"@type":"ListItem","position":1,"name":"Home","item":"https:\/\/buggyfit.ch\/fr\/"},{"@type":"ListItem","position":2,"name":"Mentions l\u00e9gales"}]},{"@type":"WebSite","@id":"https:\/\/buggyfit.ch\/fr\/#website","url":"https:\/\/buggyfit.ch\/fr\/","name":"Buggyfit","description":"","potentialAction":[{"@type":"SearchAction","target":{"@type":"EntryPoint","urlTemplate":"https:\/\/buggyfit.ch\/fr\/?s={search_term_string}"},"query-input":{"@type":"PropertyValueSpecification","valueRequired":true,"valueName":"search_term_string"}}],"inLanguage":"fr-FR"}]}},"_links":{"self":[{"href":"https:\/\/buggyfit.ch\/fr\/wp-json\/wp\/v2\/pages\/1166","targetHints":{"allow":["GET"]}}],"collection":[{"href":"https:\/\/buggyfit.ch\/fr\/wp-json\/wp\/v2\/pages"}],"about":[{"href":"https:\/\/buggyfit.ch\/fr\/wp-json\/wp\/v2\/types\/page"}],"author":[{"embeddable":true,"href":"https:\/\/buggyfit.ch\/fr\/wp-json\/wp\/v2\/users\/3"}],"replies":[{"embeddable":true,"href":"https:\/\/buggyfit.ch\/fr\/wp-json\/wp\/v2\/comments?post=1166"}],"version-history":[{"count":7,"href":"https:\/\/buggyfit.ch\/fr\/wp-json\/wp\/v2\/pages\/1166\/revisions"}],"predecessor-version":[{"id":2688,"href":"https:\/\/buggyfit.ch\/fr\/wp-json\/wp\/v2\/pages\/1166\/revisions\/2688"}],"wp:attachment":[{"href":"https:\/\/buggyfit.ch\/fr\/wp-json\/wp\/v2\/media?parent=1166"}],"curies":[{"name":"wp","href":"https:\/\/api.w.org\/{rel}","templated":true}]}}