{"id":1162,"date":"2018-03-22T14:05:38","date_gmt":"2018-03-22T13:05:38","guid":{"rendered":"https:\/\/buggyfit.ch\/kontakt\/"},"modified":"2025-09-30T13:52:04","modified_gmt":"2025-09-30T11:52:04","slug":"contact","status":"publish","type":"page","link":"https:\/\/buggyfit.ch\/fr\/contact\/","title":{"rendered":"Contact"},"content":{"rendered":"<div class=\"wpb-content-wrapper\"><p>[vc_row][vc_column][vc_column_text]<\/p>\n<h1>Notre information de contact<\/h1>\n<p>[\/vc_column_text]<div class=\"pdf-container\"><svg version=\"1.1\" xmlns=\"http:\/\/www.w3.org\/2000\/svg\" xmlns:xlink=\"http:\/\/www.w3.org\/1999\/xlink\" x=\"0px\" y=\"0px\"\n                 width=\"57px\" height=\"70px\" fill=\"#666\" viewBox=\"71.5 65 57 70\" enable-background=\"new 71.5 65 57 70\" xml:space=\"preserve\">\n              <g>\n                <path d=\"M85.62,110.035c0-1.162-0.807-1.855-2.23-1.855c-0.581,0-0.975,0.058-1.181,0.113v3.729\n                  c0.244,0.055,0.543,0.073,0.956,0.073C84.683,112.096,85.62,111.329,85.62,110.035z\"\/>\n                <path d=\"M94.431,108.219c-0.637,0-1.049,0.056-1.293,0.112v8.261c0.244,0.058,0.637,0.058,0.994,0.058\n                  c2.585,0.018,4.271-1.405,4.271-4.421C98.421,109.605,96.884,108.219,94.431,108.219z\"\/>\n                <path d=\"M110.8,65H82.686c-4.107,0-7.451,3.345-7.451,7.45V100h-0.727c-1.658,0-3.003,1.343-3.003,3.002v18.207\n                  c0,1.659,1.345,3.002,3.003,3.002h0.727v3.339c0,4.109,3.343,7.45,7.451,7.45h38.361c4.104,0,7.448-3.341,7.448-7.45V82.633\n                  L110.8,65z M79.381,106.288c0.88-0.148,2.117-0.261,3.859-0.261c1.76,0,3.016,0.336,3.859,1.011\n                  c0.805,0.637,1.349,1.687,1.349,2.923c0,1.234-0.412,2.285-1.161,2.998c-0.975,0.917-2.417,1.328-4.103,1.328\n                  c-0.375,0-0.711-0.019-0.975-0.054v4.515h-2.828V106.288z M121.047,130.438H82.686c-1.591,0-2.886-1.295-2.886-2.888v-3.339h35.761\n                  c1.659,0,3.002-1.343,3.002-3.002v-18.207c0-1.659-1.343-3.002-3.002-3.002H79.8V72.45c0-1.588,1.295-2.883,2.886-2.883\n                  l26.408-0.028v9.761c0,2.851,2.313,5.167,5.166,5.167l9.562-0.027l0.107,43.109C123.93,129.143,122.638,130.438,121.047,130.438z\n                   M90.272,118.689v-12.401c1.048-0.167,2.416-0.261,3.859-0.261c2.397,0,3.953,0.43,5.171,1.347c1.311,0.976,2.134,2.529,2.134,4.76\n                  c0,2.416-0.88,4.085-2.098,5.114c-1.33,1.105-3.353,1.63-5.826,1.63C92.033,118.878,90.983,118.784,90.272,118.689z\n                   M110.718,111.347v2.323h-4.533v5.078h-2.866v-12.627h7.718v2.341h-4.852v2.885H110.718z\"\/>\n              <\/g>\n              <\/svg><a href=\"https:\/\/buggyfit.ch\/wp-content\/uploads\/AGB_nutrimove_GmbH.pdf\" target=\"_blank\" rel=\"noopener noreferrer\">Allgemeine Gesch\u00e4ftsbedingungen nutrimove GmbH<\/a><\/div>[\/vc_column][\/vc_row][vc_row el_class=\u00a0\u00bbcontact\u00a0\u00bb][vc_column width=\u00a0\u00bb2\/3&Prime;]<div id=\"quform-938ba4\" class=\"quform quform-3 quform-support-page-caching\"><form id=\"quform-form-938ba4\" class=\"quform-form quform-form-3\" action=\"\/fr\/wp-json\/wp\/v2\/pages\/1162#quform-938ba4\" method=\"post\" enctype=\"multipart\/form-data\" novalidate=\"novalidate\" data-options=\"{&quot;id&quot;:3,&quot;uniqueId&quot;:&quot;938ba4&quot;,&quot;theme&quot;:&quot;&quot;,&quot;ajax&quot;:true,&quot;logic&quot;:{&quot;logic&quot;:[],&quot;dependents&quot;:[],&quot;elementIds&quot;:[],&quot;dependentElementIds&quot;:[],&quot;animate&quot;:true},&quot;currentPageId&quot;:1,&quot;errorsIcon&quot;:&quot;&quot;,&quot;updateFancybox&quot;:true,&quot;hasPages&quot;:false,&quot;pages&quot;:[1],&quot;pageProgressType&quot;:&quot;numbers&quot;,&quot;tooltipsEnabled&quot;:false,&quot;tooltipClasses&quot;:&quot;qtip-quform-dark qtip-shadow&quot;,&quot;tooltipMy&quot;:&quot;left center&quot;,&quot;tooltipAt&quot;:&quot;right center&quot;,&quot;isRtl&quot;:false,&quot;scrollOffset&quot;:-50,&quot;scrollSpeed&quot;:800}\"><button class=\"quform-default-submit\" name=\"quform_submit\" type=\"submit\" value=\"submit\" aria-hidden=\"true\" tabindex=\"-1\"><\/button><div class=\"quform-form-inner quform-form-inner-3\"><input type=\"hidden\" name=\"quform_form_id\" value=\"3\" \/><input type=\"hidden\" name=\"quform_form_uid\" value=\"938ba4\" \/><input type=\"hidden\" name=\"quform_count\" value=\"1\" \/><input type=\"hidden\" name=\"form_url\" value=\"https:\/\/buggyfit.ch\/fr\/wp-json\/wp\/v2\/pages\/1162\" \/><input type=\"hidden\" name=\"referring_url\" value=\"\" \/><input type=\"hidden\" name=\"post_id\" value=\"\" \/><input type=\"hidden\" name=\"post_title\" value=\"\" \/><input type=\"hidden\" name=\"quform_current_page_id\" value=\"1\" \/><input type=\"hidden\" name=\"quform_loaded\" value=\"1776059099|0c11afd992192bca7c9cda4337f7ba65\" \/><input type=\"hidden\" name=\"quform_csrf_token\" value=\"2pfCHiN2dJw3lMwlYKFqrF6KplUnML8ZFlnwJKZp\" \/><div class=\"quform-elements quform-elements-3 quform-cf quform-responsive-elements-phone-landscape\"><div class=\"quform-element quform-element-page quform-page-1 quform-page-3_1 quform-cf quform-group-style-plain quform-first-page quform-last-page quform-current-page\"><div class=\"quform-child-elements\"><div class=\"quform-element quform-element-group quform-element-3_8 quform-cf quform-group-style-plain\"><div class=\"quform-spacer\"><div class=\"quform-child-elements\"><div class=\"quform-element quform-element-text quform-element-3_4 quform-cf quform-labels-inside quform-element-required\"><div class=\"quform-spacer\"><div class=\"quform-label quform-label-3_4\"><label class=\"quform-label-text\" for=\"quform_3_4_938ba4\">Pr\u00e9nom<span class=\"quform-required\">*<\/span><\/label><\/div><div class=\"quform-inner quform-inner-text quform-inner-3_4\"><div class=\"quform-input quform-input-text quform-input-3_4 quform-cf\"><input type=\"text\" id=\"quform_3_4_938ba4\" name=\"quform_3_4\" class=\"quform-field quform-field-text quform-field-3_4\" \/><\/div><\/div><\/div><\/div><div class=\"quform-element quform-element-text quform-element-3_5 quform-cf quform-labels-inside quform-element-required\"><div class=\"quform-spacer\"><div class=\"quform-label quform-label-3_5\"><label class=\"quform-label-text\" for=\"quform_3_5_938ba4\">Nom de famille<span class=\"quform-required\">*<\/span><\/label><\/div><div class=\"quform-inner quform-inner-text quform-inner-3_5\"><div class=\"quform-input quform-input-text quform-input-3_5 quform-cf\"><input type=\"text\" id=\"quform_3_5_938ba4\" name=\"quform_3_5\" class=\"quform-field quform-field-text quform-field-3_5\" \/><\/div><\/div><\/div><\/div><\/div><\/div><\/div><div class=\"quform-element quform-element-group quform-element-3_9 quform-cf quform-group-style-plain\"><div class=\"quform-spacer\"><div class=\"quform-child-elements\"><div class=\"quform-element quform-element-email quform-element-3_11 quform-cf quform-labels-inside quform-element-required\"><div class=\"quform-spacer\"><div class=\"quform-label quform-label-3_11\"><label class=\"quform-label-text\" for=\"quform_3_11_938ba4\">Email<span class=\"quform-required\">*<\/span><\/label><\/div><div class=\"quform-inner quform-inner-email quform-inner-3_11\"><div class=\"quform-input quform-input-email quform-input-3_11 quform-cf\"><input type=\"email\" id=\"quform_3_11_938ba4\" name=\"quform_3_11\" class=\"quform-field quform-field-email quform-field-3_11\" \/><\/div><\/div><\/div><\/div><div class=\"quform-element quform-element-text quform-element-3_6 quform-cf quform-labels-inside quform-element-optional\"><div class=\"quform-spacer\"><div class=\"quform-label quform-label-3_6\"><label class=\"quform-label-text\" for=\"quform_3_6_938ba4\">T\u00e9l\u00e9phone<\/label><\/div><div class=\"quform-inner quform-inner-text quform-inner-3_6\"><div class=\"quform-input quform-input-text quform-input-3_6 quform-cf\"><input type=\"text\" id=\"quform_3_6_938ba4\" name=\"quform_3_6\" class=\"quform-field quform-field-text quform-field-3_6\" \/><\/div><\/div><\/div><\/div><\/div><\/div><\/div><div class=\"quform-element quform-element-textarea quform-element-3_10 quform-cf quform-labels-inside quform-element-required\"><div class=\"quform-spacer\"><div class=\"quform-label quform-label-3_10\"><label class=\"quform-label-text\" for=\"quform_3_10_938ba4\">Votre message<span class=\"quform-required\">*<\/span><\/label><\/div><div class=\"quform-inner quform-inner-textarea quform-inner-3_10\"><div class=\"quform-input quform-input-textarea quform-input-3_10 quform-cf\"><textarea id=\"quform_3_10_938ba4\" name=\"quform_3_10\" class=\"quform-field quform-field-textarea quform-field-3_10\"><\/textarea><\/div><\/div><\/div><\/div><div class=\"quform-element quform-element-submit quform-element-3_2 quform-cf quform-button-style-theme\"><div class=\"quform-button-submit quform-button-submit-default quform-button-submit-3_2\"><button name=\"quform_submit\" type=\"submit\" class=\"quform-submit\" value=\"submit\"><span class=\"quform-button-text quform-button-submit-text\">Senden<\/span><\/button><\/div><div class=\"quform-loading quform-loading-position-left quform-loading-type-spinner-1\"><div class=\"quform-loading-inner\"><div class=\"quform-loading-spinner\"><div class=\"quform-loading-spinner-inner\"><\/div><\/div><\/div><\/div><\/div><div class=\"quform-element quform-element-textarea quform-element-3_607620 quform-sr-only quform-cf\" style=\"clip: rect(1px, 1px, 1px, 1px); clip-path: inset(50%); position: absolute !important; height: 1px; width: 1px; overflow: hidden;\"><div class=\"quform-spacer\"><div class=\"quform-label quform-label-3_607620\"><label class=\"quform-label-text\" for=\"quform_3_607620_938ba4\">Email<span class=\"quform-required\">*<\/span><\/label><\/div><div class=\"quform-inner quform-inner-3_607620\"><textarea id=\"quform_3_607620_938ba4\" name=\"quform_3_607620\" class=\"quform-field quform-field-textarea quform-field-3_607620\" tabindex=\"-1\" autocomplete=\"new-password\"><\/textarea><\/div><\/div><\/div><\/div><\/div><\/div><\/div><\/form><\/div>[\/vc_column][vc_column width=\u00a0\u00bb1\/3&Prime;]<div class=\"mitarbeiter-string-container\"><p>Katharina Quack L\u00f6tscher, Pr\u00e4sidentin Verein PEBS \/ Gesch\u00e4ftsf\u00fchrerin nutrimove GmbH<br><\/p><\/div>[vc_column_text]<\/p>\n<h4>Verein PEBS<\/h4>\n<address>Universit\u00e4tsspital Z\u00fcrich<br \/>\nFrauenklinikstrasse 10<br \/>\n8091 Z\u00fcrich<\/address>\n<p><a class=\"mail\" href=\"mailto:pebs@usz.ch\">pebs@usz.ch<br \/>\n<\/a><a class=\"phone\" href=\"tel:044 255 49 15\">044 255 49 15<\/a><\/p>\n<h4>nutrimove GmbH<\/h4>\n<address>Leimgrubstrasse 4e<br \/>\n8340 Hinwil<\/address>\n<p><a href=\"mailto:katharina@buggyfit.ch\">katharina@buggyfit.ch<\/a>[\/vc_column_text][vc_column_text el_class=\u00a0\u00bblinks\u00a0\u00bb]<\/p>\n<h4>Links<\/h4>\n<p><a href=\"http:\/\/www.gesundheitsfoerderung-zh.ch\" target=\"_blank\" rel=\"noopener noreferrer\">www.gesundheitsfoerderung-zh.ch<\/a><br \/>\n<a href=\"http:\/\/www.stillfoerderung.ch\" target=\"_blank\" rel=\"noopener noreferrer\">Stillf\u00f6rderung Schweiz<\/a><br \/>\n<a href=\"http:\/\/www.swissmom.ch\" target=\"_blank\" rel=\"noopener noreferrer\">www.swissmom.ch<\/a><br \/>\n<a href=\"http:\/\/www.migesbalu.ch\" target=\"_blank\" rel=\"noopener noreferrer\">www.migesbalu.ch<\/a><br \/>\n<a href=\"http:\/\/www.buggyfit.de\">www.runbetter.ch<\/a><br \/>\n<a href=\"http:\/\/www.rundumdiemama.ch\">www.rundumdiemama.ch<\/a><br \/>\n<a href=\"http:\/\/www.familystart-zh.ch\">www.familystart-zh.<\/a>[\/vc_column_text][\/vc_column][\/vc_row]<\/p>\n<\/div>","protected":false},"excerpt":{"rendered":"<p>[vc_row][vc_column][vc_column_text] Notre information de contact [\/vc_column_text][\/vc_column][\/vc_row][vc_row el_class=\u00a0\u00bbcontact\u00a0\u00bb][vc_column width=\u00a0\u00bb2\/3&Prime;][\/vc_column][vc_column width=\u00a0\u00bb1\/3&Prime;][vc_column_text] Verein PEBS Universit\u00e4tsspital Z\u00fcrich Frauenklinikstrasse 10 8091 Z\u00fcrich pebs@usz.ch 044 255 49 15 nutrimove GmbH Leimgrubstrasse 4e 8340 Hinwil katharina@buggyfit.ch[\/vc_column_text][vc_column_text el_class=\u00a0\u00bblinks\u00a0\u00bb] Links www.gesundheitsfoerderung-zh.ch Stillf\u00f6rderung Schweiz www.swissmom.ch www.migesbalu.ch www.runbetter.ch www.rundumdiemama.ch www.familystart-zh.[\/vc_column_text][\/vc_column][\/vc_row]<\/p>\n","protected":false},"author":3,"featured_media":0,"parent":0,"menu_order":35,"comment_status":"closed","ping_status":"closed","template":"","meta":{"_acf_changed":false,"footnotes":""},"class_list":["post-1162","page","type-page","status-publish","hentry"],"acf":[],"yoast_head":"<!-- This site is optimized with the Yoast SEO plugin v27.1.1 - https:\/\/yoast.com\/product\/yoast-seo-wordpress\/ -->\n<title>buggyfit Kontaktieren Sie uns<\/title>\n<meta name=\"description\" content=\"Sie haben Fragen zu Ern\u00e4hrung und Bewegung vor und nach der Schwangerschaft? Wir helfen gerne weiter.\" \/>\n<meta name=\"robots\" content=\"index, follow, max-snippet:-1, max-image-preview:large, max-video-preview:-1\" \/>\n<link rel=\"canonical\" href=\"https:\/\/buggyfit.ch\/fr\/contact\/\" \/>\n<meta property=\"og:locale\" content=\"fr_FR\" \/>\n<meta property=\"og:type\" content=\"article\" \/>\n<meta property=\"og:title\" content=\"buggyfit Kontaktieren Sie uns\" \/>\n<meta property=\"og:description\" content=\"Sie haben Fragen zu Ern\u00e4hrung und Bewegung vor und nach der Schwangerschaft? Wir helfen gerne weiter.\" \/>\n<meta property=\"og:url\" content=\"https:\/\/buggyfit.ch\/fr\/contact\/\" \/>\n<meta property=\"og:site_name\" content=\"Buggyfit\" \/>\n<meta property=\"article:modified_time\" content=\"2025-09-30T11:52:04+00:00\" \/>\n<meta name=\"twitter:card\" content=\"summary_large_image\" \/>\n<meta name=\"twitter:label1\" content=\"Dur\u00e9e de lecture estim\u00e9e\" \/>\n\t<meta name=\"twitter:data1\" content=\"1 minute\" \/>\n<script type=\"application\/ld+json\" class=\"yoast-schema-graph\">{\"@context\":\"https:\/\/schema.org\",\"@graph\":[{\"@type\":\"WebPage\",\"@id\":\"https:\/\/buggyfit.ch\/fr\/contact\/\",\"url\":\"https:\/\/buggyfit.ch\/fr\/contact\/\",\"name\":\"buggyfit Kontaktieren Sie uns\",\"isPartOf\":{\"@id\":\"https:\/\/buggyfit.ch\/fr\/#website\"},\"datePublished\":\"2018-03-22T13:05:38+00:00\",\"dateModified\":\"2025-09-30T11:52:04+00:00\",\"description\":\"Sie haben Fragen zu Ern\u00e4hrung und Bewegung vor und nach der Schwangerschaft? Wir helfen gerne weiter.\",\"breadcrumb\":{\"@id\":\"https:\/\/buggyfit.ch\/fr\/contact\/#breadcrumb\"},\"inLanguage\":\"fr-FR\",\"potentialAction\":[{\"@type\":\"ReadAction\",\"target\":[\"https:\/\/buggyfit.ch\/fr\/contact\/\"]}]},{\"@type\":\"BreadcrumbList\",\"@id\":\"https:\/\/buggyfit.ch\/fr\/contact\/#breadcrumb\",\"itemListElement\":[{\"@type\":\"ListItem\",\"position\":1,\"name\":\"Home\",\"item\":\"https:\/\/buggyfit.ch\/fr\/\"},{\"@type\":\"ListItem\",\"position\":2,\"name\":\"Contact\"}]},{\"@type\":\"WebSite\",\"@id\":\"https:\/\/buggyfit.ch\/fr\/#website\",\"url\":\"https:\/\/buggyfit.ch\/fr\/\",\"name\":\"Buggyfit\",\"description\":\"\",\"potentialAction\":[{\"@type\":\"SearchAction\",\"target\":{\"@type\":\"EntryPoint\",\"urlTemplate\":\"https:\/\/buggyfit.ch\/fr\/?s={search_term_string}\"},\"query-input\":{\"@type\":\"PropertyValueSpecification\",\"valueRequired\":true,\"valueName\":\"search_term_string\"}}],\"inLanguage\":\"fr-FR\"}]}<\/script>\n<!-- \/ Yoast SEO plugin. -->","yoast_head_json":{"title":"buggyfit Kontaktieren Sie uns","description":"Sie haben Fragen zu Ern\u00e4hrung und Bewegung vor und nach der Schwangerschaft? Wir helfen gerne weiter.","robots":{"index":"index","follow":"follow","max-snippet":"max-snippet:-1","max-image-preview":"max-image-preview:large","max-video-preview":"max-video-preview:-1"},"canonical":"https:\/\/buggyfit.ch\/fr\/contact\/","og_locale":"fr_FR","og_type":"article","og_title":"buggyfit Kontaktieren Sie uns","og_description":"Sie haben Fragen zu Ern\u00e4hrung und Bewegung vor und nach der Schwangerschaft? Wir helfen gerne weiter.","og_url":"https:\/\/buggyfit.ch\/fr\/contact\/","og_site_name":"Buggyfit","article_modified_time":"2025-09-30T11:52:04+00:00","twitter_card":"summary_large_image","twitter_misc":{"Dur\u00e9e de lecture estim\u00e9e":"1 minute"},"schema":{"@context":"https:\/\/schema.org","@graph":[{"@type":"WebPage","@id":"https:\/\/buggyfit.ch\/fr\/contact\/","url":"https:\/\/buggyfit.ch\/fr\/contact\/","name":"buggyfit Kontaktieren Sie uns","isPartOf":{"@id":"https:\/\/buggyfit.ch\/fr\/#website"},"datePublished":"2018-03-22T13:05:38+00:00","dateModified":"2025-09-30T11:52:04+00:00","description":"Sie haben Fragen zu Ern\u00e4hrung und Bewegung vor und nach der Schwangerschaft? Wir helfen gerne weiter.","breadcrumb":{"@id":"https:\/\/buggyfit.ch\/fr\/contact\/#breadcrumb"},"inLanguage":"fr-FR","potentialAction":[{"@type":"ReadAction","target":["https:\/\/buggyfit.ch\/fr\/contact\/"]}]},{"@type":"BreadcrumbList","@id":"https:\/\/buggyfit.ch\/fr\/contact\/#breadcrumb","itemListElement":[{"@type":"ListItem","position":1,"name":"Home","item":"https:\/\/buggyfit.ch\/fr\/"},{"@type":"ListItem","position":2,"name":"Contact"}]},{"@type":"WebSite","@id":"https:\/\/buggyfit.ch\/fr\/#website","url":"https:\/\/buggyfit.ch\/fr\/","name":"Buggyfit","description":"","potentialAction":[{"@type":"SearchAction","target":{"@type":"EntryPoint","urlTemplate":"https:\/\/buggyfit.ch\/fr\/?s={search_term_string}"},"query-input":{"@type":"PropertyValueSpecification","valueRequired":true,"valueName":"search_term_string"}}],"inLanguage":"fr-FR"}]}},"_links":{"self":[{"href":"https:\/\/buggyfit.ch\/fr\/wp-json\/wp\/v2\/pages\/1162","targetHints":{"allow":["GET"]}}],"collection":[{"href":"https:\/\/buggyfit.ch\/fr\/wp-json\/wp\/v2\/pages"}],"about":[{"href":"https:\/\/buggyfit.ch\/fr\/wp-json\/wp\/v2\/types\/page"}],"author":[{"embeddable":true,"href":"https:\/\/buggyfit.ch\/fr\/wp-json\/wp\/v2\/users\/3"}],"replies":[{"embeddable":true,"href":"https:\/\/buggyfit.ch\/fr\/wp-json\/wp\/v2\/comments?post=1162"}],"version-history":[{"count":9,"href":"https:\/\/buggyfit.ch\/fr\/wp-json\/wp\/v2\/pages\/1162\/revisions"}],"predecessor-version":[{"id":3505,"href":"https:\/\/buggyfit.ch\/fr\/wp-json\/wp\/v2\/pages\/1162\/revisions\/3505"}],"wp:attachment":[{"href":"https:\/\/buggyfit.ch\/fr\/wp-json\/wp\/v2\/media?parent=1162"}],"curies":[{"name":"wp","href":"https:\/\/api.w.org\/{rel}","templated":true}]}}