{"id":1165,"date":"2018-03-22T14:05:54","date_gmt":"2018-03-22T13:05:54","guid":{"rendered":"https:\/\/buggyfit.ch\/impressum\/"},"modified":"2022-01-28T09:28:17","modified_gmt":"2022-01-28T08:28:17","slug":"terms-and-conditions","status":"publish","type":"page","link":"https:\/\/buggyfit.ch\/en\/terms-and-conditions\/","title":{"rendered":"Terms and conditions"},"content":{"rendered":"<div class=\"wpb-content-wrapper\"><p>[vc_row][vc_column][vc_column_text]<\/p>\n<h1>Terms and conditions<\/h1>\n<h3>Publisher<\/h3>\n<p>Sibylle Abt, Gesch\u00e4ftsf\u00fchrerin Verein PEBS, dipl. Ern\u00e4hrungsberaterin BSc und MAS Prevention and Health Promotion<br \/>\nPD Dr. med. Katharina Quack L\u00f6tscher\u00a0 MPH, Pr\u00e4sidentin Verein PEBS und Gesch\u00e4ftsf\u00fchrerin nutrimove GmbH<\/p>\n<address>Verein PEBS<br \/>\nLeimgrubstrasse 4e<br \/>\n8340 Hinwil<\/address>\n<address><a href=\"mailto:verein_pebs@buggyfit.ch\">verein_pebs@buggyfit.ch<\/a><br \/>\n077 206 60 84<\/address>\n<address>\u00a0<\/address>\n<address>nutrimove GmbH<br \/>\nLeimgrubstrasse 10<br \/>\n8340 Hinwil<\/address>\n<address><a class=\"mail\" href=\"mailto:katharina@buggyfit.ch\">katharina@buggyfit.ch<\/a><br \/>\n<a class=\"phone\" href=\"tel:077 206 60 84\">077 206 60 84<\/a><\/address>\n<h3>Concept, design, implementation<\/h3>\n<p>Schmucki Agentur f\u00fcr Kommunikation AG<br \/>\n8610 Uster<br \/>\n<a title=\"Schmucki Agentur f\u00fcr Kommunikation AG\" href=\"https:\/\/www.schmucki.swiss\" target=\"_blank\" rel=\"noopener noreferrer\">www.schmucki.swiss<\/a><\/p>\n<h3>Disclaimer<\/h3>\n<p>The author accepts no liability for the content of the information being correct, accurate, up-to-date, reliable or complete.<\/p>\n<p>Liability claims against the author due to losses of a tangible or intangible nature resulting from access to or use\/non-use of the published information, due to abuse of the connection or due to technical problems are excluded.<\/p>\n<p>All offers are non-binding. The author explicitly reserves the right to change, supplement, delete or temporarily or definitively cease publication of parts of the website or the website in its entirety without special notification of this.<\/p>\n<h3><span lang=\"FR-CH\">Liability for links<\/span><\/h3>\n<p>References and links to third-party websites are outside of our area of responsibility. No responsibility is assumed for these websites. The user accesses and uses these websites exclusively at their own risk.<\/p>\n<h3>Copyrights<\/h3>\n<p>The copyrights and all other rights to contents, images, photos or other files on the website belong exclusively to nutrimove GmbH or the specifically named holders of the rights. Written consent must be obtained from the copyright holder before any elements are reproduced.<\/p>\n<p>\u00a9 Copyright nutrimove GmbH \u2013 all rights reserved.[\/vc_column_text][\/vc_column][\/vc_row]<\/p>\n<\/div>","protected":false},"excerpt":{"rendered":"<p>[vc_row][vc_column][vc_column_text] Terms and conditions Publisher Sibylle Abt, Gesch\u00e4ftsf\u00fchrerin Verein PEBS, dipl. Ern\u00e4hrungsberaterin BSc und MAS Prevention and Health Promotion PD Dr. med. Katharina Quack L\u00f6tscher\u00a0 MPH, Pr\u00e4sidentin Verein PEBS und Gesch\u00e4ftsf\u00fchrerin nutrimove GmbH Verein PEBS Leimgrubstrasse 4e 8340 Hinwil verein_pebs@buggyfit.ch 077 206 60 84 \u00a0 nutrimove GmbH Leimgrubstrasse 10 8340 Hinwil katharina@buggyfit.ch 077 206 60 [&hellip;]<\/p>\n","protected":false},"author":3,"featured_media":0,"parent":0,"menu_order":39,"comment_status":"closed","ping_status":"closed","template":"","meta":{"_acf_changed":false,"footnotes":""},"class_list":["post-1165","page","type-page","status-publish","hentry"],"acf":[],"yoast_head":"<!-- This site is optimized with the Yoast SEO plugin v27.1.1 - https:\/\/yoast.com\/product\/yoast-seo-wordpress\/ -->\n<title>Terms and conditions | buggyfit.ch<\/title>\n<meta name=\"robots\" content=\"index, follow, max-snippet:-1, max-image-preview:large, max-video-preview:-1\" \/>\n<link rel=\"canonical\" href=\"https:\/\/buggyfit.ch\/en\/terms-and-conditions\/\" \/>\n<meta property=\"og:locale\" content=\"en_US\" \/>\n<meta property=\"og:type\" content=\"article\" \/>\n<meta property=\"og:title\" content=\"Terms and conditions | buggyfit.ch\" \/>\n<meta property=\"og:description\" content=\"[vc_row][vc_column][vc_column_text] Terms and conditions Publisher Sibylle Abt, Gesch\u00e4ftsf\u00fchrerin Verein PEBS, dipl. Ern\u00e4hrungsberaterin BSc und MAS Prevention and Health Promotion PD Dr. med. Katharina Quack L\u00f6tscher\u00a0 MPH, Pr\u00e4sidentin Verein PEBS und Gesch\u00e4ftsf\u00fchrerin nutrimove GmbH Verein PEBS Leimgrubstrasse 4e 8340 Hinwil verein_pebs@buggyfit.ch 077 206 60 84 \u00a0 nutrimove GmbH Leimgrubstrasse 10 8340 Hinwil katharina@buggyfit.ch 077 206 60 [&hellip;]\" \/>\n<meta property=\"og:url\" content=\"https:\/\/buggyfit.ch\/en\/terms-and-conditions\/\" \/>\n<meta property=\"og:site_name\" content=\"Buggyfit\" \/>\n<meta property=\"article:modified_time\" content=\"2022-01-28T08:28:17+00:00\" \/>\n<meta name=\"twitter:card\" content=\"summary_large_image\" \/>\n<meta name=\"twitter:label1\" content=\"Est. reading time\" \/>\n\t<meta name=\"twitter:data1\" content=\"1 minute\" \/>\n<script type=\"application\/ld+json\" class=\"yoast-schema-graph\">{\"@context\":\"https:\/\/schema.org\",\"@graph\":[{\"@type\":\"WebPage\",\"@id\":\"https:\/\/buggyfit.ch\/en\/terms-and-conditions\/\",\"url\":\"https:\/\/buggyfit.ch\/en\/terms-and-conditions\/\",\"name\":\"Terms and conditions | buggyfit.ch\",\"isPartOf\":{\"@id\":\"https:\/\/buggyfit.ch\/en\/#website\"},\"datePublished\":\"2018-03-22T13:05:54+00:00\",\"dateModified\":\"2022-01-28T08:28:17+00:00\",\"breadcrumb\":{\"@id\":\"https:\/\/buggyfit.ch\/en\/terms-and-conditions\/#breadcrumb\"},\"inLanguage\":\"en-US\",\"potentialAction\":[{\"@type\":\"ReadAction\",\"target\":[\"https:\/\/buggyfit.ch\/en\/terms-and-conditions\/\"]}]},{\"@type\":\"BreadcrumbList\",\"@id\":\"https:\/\/buggyfit.ch\/en\/terms-and-conditions\/#breadcrumb\",\"itemListElement\":[{\"@type\":\"ListItem\",\"position\":1,\"name\":\"Home\",\"item\":\"https:\/\/buggyfit.ch\/en\/\"},{\"@type\":\"ListItem\",\"position\":2,\"name\":\"Terms and conditions\"}]},{\"@type\":\"WebSite\",\"@id\":\"https:\/\/buggyfit.ch\/en\/#website\",\"url\":\"https:\/\/buggyfit.ch\/en\/\",\"name\":\"Buggyfit\",\"description\":\"\",\"potentialAction\":[{\"@type\":\"SearchAction\",\"target\":{\"@type\":\"EntryPoint\",\"urlTemplate\":\"https:\/\/buggyfit.ch\/en\/?s={search_term_string}\"},\"query-input\":{\"@type\":\"PropertyValueSpecification\",\"valueRequired\":true,\"valueName\":\"search_term_string\"}}],\"inLanguage\":\"en-US\"}]}<\/script>\n<!-- \/ Yoast SEO plugin. -->","yoast_head_json":{"title":"Terms and conditions | buggyfit.ch","robots":{"index":"index","follow":"follow","max-snippet":"max-snippet:-1","max-image-preview":"max-image-preview:large","max-video-preview":"max-video-preview:-1"},"canonical":"https:\/\/buggyfit.ch\/en\/terms-and-conditions\/","og_locale":"en_US","og_type":"article","og_title":"Terms and conditions | buggyfit.ch","og_description":"[vc_row][vc_column][vc_column_text] Terms and conditions Publisher Sibylle Abt, Gesch\u00e4ftsf\u00fchrerin Verein PEBS, dipl. Ern\u00e4hrungsberaterin BSc und MAS Prevention and Health Promotion PD Dr. med. Katharina Quack L\u00f6tscher\u00a0 MPH, Pr\u00e4sidentin Verein PEBS und Gesch\u00e4ftsf\u00fchrerin nutrimove GmbH Verein PEBS Leimgrubstrasse 4e 8340 Hinwil verein_pebs@buggyfit.ch 077 206 60 84 \u00a0 nutrimove GmbH Leimgrubstrasse 10 8340 Hinwil katharina@buggyfit.ch 077 206 60 [&hellip;]","og_url":"https:\/\/buggyfit.ch\/en\/terms-and-conditions\/","og_site_name":"Buggyfit","article_modified_time":"2022-01-28T08:28:17+00:00","twitter_card":"summary_large_image","twitter_misc":{"Est. reading time":"1 minute"},"schema":{"@context":"https:\/\/schema.org","@graph":[{"@type":"WebPage","@id":"https:\/\/buggyfit.ch\/en\/terms-and-conditions\/","url":"https:\/\/buggyfit.ch\/en\/terms-and-conditions\/","name":"Terms and conditions | buggyfit.ch","isPartOf":{"@id":"https:\/\/buggyfit.ch\/en\/#website"},"datePublished":"2018-03-22T13:05:54+00:00","dateModified":"2022-01-28T08:28:17+00:00","breadcrumb":{"@id":"https:\/\/buggyfit.ch\/en\/terms-and-conditions\/#breadcrumb"},"inLanguage":"en-US","potentialAction":[{"@type":"ReadAction","target":["https:\/\/buggyfit.ch\/en\/terms-and-conditions\/"]}]},{"@type":"BreadcrumbList","@id":"https:\/\/buggyfit.ch\/en\/terms-and-conditions\/#breadcrumb","itemListElement":[{"@type":"ListItem","position":1,"name":"Home","item":"https:\/\/buggyfit.ch\/en\/"},{"@type":"ListItem","position":2,"name":"Terms and conditions"}]},{"@type":"WebSite","@id":"https:\/\/buggyfit.ch\/en\/#website","url":"https:\/\/buggyfit.ch\/en\/","name":"Buggyfit","description":"","potentialAction":[{"@type":"SearchAction","target":{"@type":"EntryPoint","urlTemplate":"https:\/\/buggyfit.ch\/en\/?s={search_term_string}"},"query-input":{"@type":"PropertyValueSpecification","valueRequired":true,"valueName":"search_term_string"}}],"inLanguage":"en-US"}]}},"_links":{"self":[{"href":"https:\/\/buggyfit.ch\/en\/wp-json\/wp\/v2\/pages\/1165","targetHints":{"allow":["GET"]}}],"collection":[{"href":"https:\/\/buggyfit.ch\/en\/wp-json\/wp\/v2\/pages"}],"about":[{"href":"https:\/\/buggyfit.ch\/en\/wp-json\/wp\/v2\/types\/page"}],"author":[{"embeddable":true,"href":"https:\/\/buggyfit.ch\/en\/wp-json\/wp\/v2\/users\/3"}],"replies":[{"embeddable":true,"href":"https:\/\/buggyfit.ch\/en\/wp-json\/wp\/v2\/comments?post=1165"}],"version-history":[{"count":7,"href":"https:\/\/buggyfit.ch\/en\/wp-json\/wp\/v2\/pages\/1165\/revisions"}],"predecessor-version":[{"id":2687,"href":"https:\/\/buggyfit.ch\/en\/wp-json\/wp\/v2\/pages\/1165\/revisions\/2687"}],"wp:attachment":[{"href":"https:\/\/buggyfit.ch\/en\/wp-json\/wp\/v2\/media?parent=1165"}],"curies":[{"name":"wp","href":"https:\/\/api.w.org\/{rel}","templated":true}]}}