{"id":1153,"date":"2018-03-22T14:05:17","date_gmt":"2018-03-22T13:05:17","guid":{"rendered":"https:\/\/buggyfit.ch\/standorte\/"},"modified":"2023-06-14T15:09:34","modified_gmt":"2023-06-14T13:09:34","slug":"locations","status":"publish","type":"page","link":"https:\/\/buggyfit.ch\/en\/locations\/","title":{"rendered":"Locations"},"content":{"rendered":"<div class=\"wpb-content-wrapper\"><p>[vc_row full_width=&#8221;stretch_row_content_no_spaces&#8221;][vc_column]<div id=\"googlemaps\" class=\"headerimg googlemaps-custom\"><\/div>[\/vc_column][\/vc_row]<\/p>\n<\/div>","protected":false},"excerpt":{"rendered":"<p>[vc_row full_width=&#8221;stretch_row_content_no_spaces&#8221;][vc_column][\/vc_column][\/vc_row]<\/p>\n","protected":false},"author":3,"featured_media":0,"parent":0,"menu_order":29,"comment_status":"closed","ping_status":"closed","template":"page-googlemaps.php","meta":{"_acf_changed":false,"footnotes":""},"class_list":["post-1153","page","type-page","status-publish","hentry"],"acf":[],"yoast_head":"<!-- This site is optimized with the Yoast SEO plugin v27.1.1 - https:\/\/yoast.com\/product\/yoast-seo-wordpress\/ -->\n<title>buggyfit Standorte in der Schweiz Ern\u00e4hrung und Bewegung<\/title>\n<meta name=\"description\" content=\"Hier finden Sie all unsere Standorte f\u00fcr Ern\u00e4hrungsberatung, Fitness in der Schwangerschaft und Fitness nach Geburt.\" \/>\n<meta name=\"robots\" content=\"index, follow, max-snippet:-1, max-image-preview:large, max-video-preview:-1\" \/>\n<link rel=\"canonical\" href=\"https:\/\/buggyfit.ch\/en\/locations\/\" \/>\n<meta property=\"og:locale\" content=\"en_US\" \/>\n<meta property=\"og:type\" content=\"article\" \/>\n<meta property=\"og:title\" content=\"buggyfit Standorte in der Schweiz Ern\u00e4hrung und Bewegung\" \/>\n<meta property=\"og:description\" content=\"Hier finden Sie all unsere Standorte f\u00fcr Ern\u00e4hrungsberatung, Fitness in der Schwangerschaft und Fitness nach Geburt.\" \/>\n<meta property=\"og:url\" content=\"https:\/\/buggyfit.ch\/en\/locations\/\" \/>\n<meta property=\"og:site_name\" content=\"Buggyfit\" \/>\n<meta property=\"article:modified_time\" content=\"2023-06-14T13:09:34+00:00\" \/>\n<meta name=\"twitter:card\" content=\"summary_large_image\" \/>\n<meta name=\"twitter:label1\" content=\"Est. reading time\" \/>\n\t<meta name=\"twitter:data1\" content=\"1 minute\" \/>\n<script type=\"application\/ld+json\" class=\"yoast-schema-graph\">{\"@context\":\"https:\/\/schema.org\",\"@graph\":[{\"@type\":\"WebPage\",\"@id\":\"https:\/\/buggyfit.ch\/en\/locations\/\",\"url\":\"https:\/\/buggyfit.ch\/en\/locations\/\",\"name\":\"buggyfit Standorte in der Schweiz Ern\u00e4hrung und Bewegung\",\"isPartOf\":{\"@id\":\"https:\/\/buggyfit.ch\/en\/#website\"},\"datePublished\":\"2018-03-22T13:05:17+00:00\",\"dateModified\":\"2023-06-14T13:09:34+00:00\",\"description\":\"Hier finden Sie all unsere Standorte f\u00fcr Ern\u00e4hrungsberatung, Fitness in der Schwangerschaft und Fitness nach Geburt.\",\"breadcrumb\":{\"@id\":\"https:\/\/buggyfit.ch\/en\/locations\/#breadcrumb\"},\"inLanguage\":\"en-US\",\"potentialAction\":[{\"@type\":\"ReadAction\",\"target\":[\"https:\/\/buggyfit.ch\/en\/locations\/\"]}]},{\"@type\":\"BreadcrumbList\",\"@id\":\"https:\/\/buggyfit.ch\/en\/locations\/#breadcrumb\",\"itemListElement\":[{\"@type\":\"ListItem\",\"position\":1,\"name\":\"Home\",\"item\":\"https:\/\/buggyfit.ch\/en\/\"},{\"@type\":\"ListItem\",\"position\":2,\"name\":\"Locations\"}]},{\"@type\":\"WebSite\",\"@id\":\"https:\/\/buggyfit.ch\/en\/#website\",\"url\":\"https:\/\/buggyfit.ch\/en\/\",\"name\":\"Buggyfit\",\"description\":\"\",\"potentialAction\":[{\"@type\":\"SearchAction\",\"target\":{\"@type\":\"EntryPoint\",\"urlTemplate\":\"https:\/\/buggyfit.ch\/en\/?s={search_term_string}\"},\"query-input\":{\"@type\":\"PropertyValueSpecification\",\"valueRequired\":true,\"valueName\":\"search_term_string\"}}],\"inLanguage\":\"en-US\"}]}<\/script>\n<!-- \/ Yoast SEO plugin. -->","yoast_head_json":{"title":"buggyfit Standorte in der Schweiz Ern\u00e4hrung und Bewegung","description":"Hier finden Sie all unsere Standorte f\u00fcr Ern\u00e4hrungsberatung, Fitness in der Schwangerschaft und Fitness nach Geburt.","robots":{"index":"index","follow":"follow","max-snippet":"max-snippet:-1","max-image-preview":"max-image-preview:large","max-video-preview":"max-video-preview:-1"},"canonical":"https:\/\/buggyfit.ch\/en\/locations\/","og_locale":"en_US","og_type":"article","og_title":"buggyfit Standorte in der Schweiz Ern\u00e4hrung und Bewegung","og_description":"Hier finden Sie all unsere Standorte f\u00fcr Ern\u00e4hrungsberatung, Fitness in der Schwangerschaft und Fitness nach Geburt.","og_url":"https:\/\/buggyfit.ch\/en\/locations\/","og_site_name":"Buggyfit","article_modified_time":"2023-06-14T13:09:34+00:00","twitter_card":"summary_large_image","twitter_misc":{"Est. reading time":"1 minute"},"schema":{"@context":"https:\/\/schema.org","@graph":[{"@type":"WebPage","@id":"https:\/\/buggyfit.ch\/en\/locations\/","url":"https:\/\/buggyfit.ch\/en\/locations\/","name":"buggyfit Standorte in der Schweiz Ern\u00e4hrung und Bewegung","isPartOf":{"@id":"https:\/\/buggyfit.ch\/en\/#website"},"datePublished":"2018-03-22T13:05:17+00:00","dateModified":"2023-06-14T13:09:34+00:00","description":"Hier finden Sie all unsere Standorte f\u00fcr Ern\u00e4hrungsberatung, Fitness in der Schwangerschaft und Fitness nach Geburt.","breadcrumb":{"@id":"https:\/\/buggyfit.ch\/en\/locations\/#breadcrumb"},"inLanguage":"en-US","potentialAction":[{"@type":"ReadAction","target":["https:\/\/buggyfit.ch\/en\/locations\/"]}]},{"@type":"BreadcrumbList","@id":"https:\/\/buggyfit.ch\/en\/locations\/#breadcrumb","itemListElement":[{"@type":"ListItem","position":1,"name":"Home","item":"https:\/\/buggyfit.ch\/en\/"},{"@type":"ListItem","position":2,"name":"Locations"}]},{"@type":"WebSite","@id":"https:\/\/buggyfit.ch\/en\/#website","url":"https:\/\/buggyfit.ch\/en\/","name":"Buggyfit","description":"","potentialAction":[{"@type":"SearchAction","target":{"@type":"EntryPoint","urlTemplate":"https:\/\/buggyfit.ch\/en\/?s={search_term_string}"},"query-input":{"@type":"PropertyValueSpecification","valueRequired":true,"valueName":"search_term_string"}}],"inLanguage":"en-US"}]}},"_links":{"self":[{"href":"https:\/\/buggyfit.ch\/en\/wp-json\/wp\/v2\/pages\/1153","targetHints":{"allow":["GET"]}}],"collection":[{"href":"https:\/\/buggyfit.ch\/en\/wp-json\/wp\/v2\/pages"}],"about":[{"href":"https:\/\/buggyfit.ch\/en\/wp-json\/wp\/v2\/types\/page"}],"author":[{"embeddable":true,"href":"https:\/\/buggyfit.ch\/en\/wp-json\/wp\/v2\/users\/3"}],"replies":[{"embeddable":true,"href":"https:\/\/buggyfit.ch\/en\/wp-json\/wp\/v2\/comments?post=1153"}],"version-history":[{"count":7,"href":"https:\/\/buggyfit.ch\/en\/wp-json\/wp\/v2\/pages\/1153\/revisions"}],"predecessor-version":[{"id":3254,"href":"https:\/\/buggyfit.ch\/en\/wp-json\/wp\/v2\/pages\/1153\/revisions\/3254"}],"wp:attachment":[{"href":"https:\/\/buggyfit.ch\/en\/wp-json\/wp\/v2\/media?parent=1153"}],"curies":[{"name":"wp","href":"https:\/\/api.w.org\/{rel}","templated":true}]}}