{"id":1145,"date":"2018-12-04T21:25:51","date_gmt":"2018-12-04T20:25:51","guid":{"rendered":"https:\/\/buggyfit.ch\/weiterbildung\/"},"modified":"2020-10-02T11:10:15","modified_gmt":"2020-10-02T09:10:15","slug":"education-program","status":"publish","type":"page","link":"https:\/\/buggyfit.ch\/en\/education-program\/","title":{"rendered":"Education program"},"content":{"rendered":"<div class=\"wpb-content-wrapper\"><p>[vc_row][vc_column][vc_column_text]We offer interesting training opportunities and help to built your own course or counseling location for nutritionists and fitness specialists.<\/p>\n<p>During pregnancy and after birth, many women are unsure how to eat and move so as not to harm their child.<\/p>\n<p>You have the opportunity to support these women competently when you attend our training.<\/p>\n<p>Our next training course \u00abbuggyfit &#8211; fitness in pregnancy\u00bb is in January 2021 and \u00abbuggyfit &#8211; fitness with a child in a stroller\u00bb as well as \u00abbuggyfit &#8211; Nordic Walking with baby in the sling\u00bb will take place in spring 2021.[\/vc_column_text]<div class=\"pdf-container\"><svg version=\"1.1\" xmlns=\"http:\/\/www.w3.org\/2000\/svg\" xmlns:xlink=\"http:\/\/www.w3.org\/1999\/xlink\" x=\"0px\" y=\"0px\"\n                 width=\"57px\" height=\"70px\" fill=\"#666\" viewBox=\"71.5 65 57 70\" enable-background=\"new 71.5 65 57 70\" xml:space=\"preserve\">\n              <g>\n                <path d=\"M85.62,110.035c0-1.162-0.807-1.855-2.23-1.855c-0.581,0-0.975,0.058-1.181,0.113v3.729\n                  c0.244,0.055,0.543,0.073,0.956,0.073C84.683,112.096,85.62,111.329,85.62,110.035z\"\/>\n                <path d=\"M94.431,108.219c-0.637,0-1.049,0.056-1.293,0.112v8.261c0.244,0.058,0.637,0.058,0.994,0.058\n                  c2.585,0.018,4.271-1.405,4.271-4.421C98.421,109.605,96.884,108.219,94.431,108.219z\"\/>\n                <path d=\"M110.8,65H82.686c-4.107,0-7.451,3.345-7.451,7.45V100h-0.727c-1.658,0-3.003,1.343-3.003,3.002v18.207\n                  c0,1.659,1.345,3.002,3.003,3.002h0.727v3.339c0,4.109,3.343,7.45,7.451,7.45h38.361c4.104,0,7.448-3.341,7.448-7.45V82.633\n                  L110.8,65z M79.381,106.288c0.88-0.148,2.117-0.261,3.859-0.261c1.76,0,3.016,0.336,3.859,1.011\n                  c0.805,0.637,1.349,1.687,1.349,2.923c0,1.234-0.412,2.285-1.161,2.998c-0.975,0.917-2.417,1.328-4.103,1.328\n                  c-0.375,0-0.711-0.019-0.975-0.054v4.515h-2.828V106.288z M121.047,130.438H82.686c-1.591,0-2.886-1.295-2.886-2.888v-3.339h35.761\n                  c1.659,0,3.002-1.343,3.002-3.002v-18.207c0-1.659-1.343-3.002-3.002-3.002H79.8V72.45c0-1.588,1.295-2.883,2.886-2.883\n                  l26.408-0.028v9.761c0,2.851,2.313,5.167,5.166,5.167l9.562-0.027l0.107,43.109C123.93,129.143,122.638,130.438,121.047,130.438z\n                   M90.272,118.689v-12.401c1.048-0.167,2.416-0.261,3.859-0.261c2.397,0,3.953,0.43,5.171,1.347c1.311,0.976,2.134,2.529,2.134,4.76\n                  c0,2.416-0.88,4.085-2.098,5.114c-1.33,1.105-3.353,1.63-5.826,1.63C92.033,118.878,90.983,118.784,90.272,118.689z\n                   M110.718,111.347v2.323h-4.533v5.078h-2.866v-12.627h7.718v2.341h-4.852v2.885H110.718z\"\/>\n              <\/g>\n              <\/svg><a href=\"https:\/\/buggyfit.ch\/wp-content\/uploads\/Weiterbildung_buggyfit_in_der_Schwangerschaft_Jan2021.pdf\">Weiterbildung buggyfit in der Schwangerschaft Januar 2021<\/a><\/p>\n<p><\/div><div class=\"pdf-container\"><svg version=\"1.1\" xmlns=\"http:\/\/www.w3.org\/2000\/svg\" xmlns:xlink=\"http:\/\/www.w3.org\/1999\/xlink\" x=\"0px\" y=\"0px\"\n                 width=\"57px\" height=\"70px\" fill=\"#666\" viewBox=\"71.5 65 57 70\" enable-background=\"new 71.5 65 57 70\" xml:space=\"preserve\">\n              <g>\n                <path d=\"M85.62,110.035c0-1.162-0.807-1.855-2.23-1.855c-0.581,0-0.975,0.058-1.181,0.113v3.729\n                  c0.244,0.055,0.543,0.073,0.956,0.073C84.683,112.096,85.62,111.329,85.62,110.035z\"\/>\n                <path d=\"M94.431,108.219c-0.637,0-1.049,0.056-1.293,0.112v8.261c0.244,0.058,0.637,0.058,0.994,0.058\n                  c2.585,0.018,4.271-1.405,4.271-4.421C98.421,109.605,96.884,108.219,94.431,108.219z\"\/>\n                <path d=\"M110.8,65H82.686c-4.107,0-7.451,3.345-7.451,7.45V100h-0.727c-1.658,0-3.003,1.343-3.003,3.002v18.207\n                  c0,1.659,1.345,3.002,3.003,3.002h0.727v3.339c0,4.109,3.343,7.45,7.451,7.45h38.361c4.104,0,7.448-3.341,7.448-7.45V82.633\n                  L110.8,65z M79.381,106.288c0.88-0.148,2.117-0.261,3.859-0.261c1.76,0,3.016,0.336,3.859,1.011\n                  c0.805,0.637,1.349,1.687,1.349,2.923c0,1.234-0.412,2.285-1.161,2.998c-0.975,0.917-2.417,1.328-4.103,1.328\n                  c-0.375,0-0.711-0.019-0.975-0.054v4.515h-2.828V106.288z M121.047,130.438H82.686c-1.591,0-2.886-1.295-2.886-2.888v-3.339h35.761\n                  c1.659,0,3.002-1.343,3.002-3.002v-18.207c0-1.659-1.343-3.002-3.002-3.002H79.8V72.45c0-1.588,1.295-2.883,2.886-2.883\n                  l26.408-0.028v9.761c0,2.851,2.313,5.167,5.166,5.167l9.562-0.027l0.107,43.109C123.93,129.143,122.638,130.438,121.047,130.438z\n                   M90.272,118.689v-12.401c1.048-0.167,2.416-0.261,3.859-0.261c2.397,0,3.953,0.43,5.171,1.347c1.311,0.976,2.134,2.529,2.134,4.76\n                  c0,2.416-0.88,4.085-2.098,5.114c-1.33,1.105-3.353,1.63-5.826,1.63C92.033,118.878,90.983,118.784,90.272,118.689z\n                   M110.718,111.347v2.323h-4.533v5.078h-2.866v-12.627h7.718v2.341h-4.852v2.885H110.718z\"\/>\n              <\/g>\n              <\/svg><a href=\"https:\/\/buggyfit.ch\/wp-content\/uploads\/Weiterbildung_buggyfit_nach_Geb_2020_V2.pdf\">Weiterbildung buggyfit nach der Geburt M\u00e4rz 2021<\/a><\/div><div class=\"pdf-container\"><svg version=\"1.1\" xmlns=\"http:\/\/www.w3.org\/2000\/svg\" xmlns:xlink=\"http:\/\/www.w3.org\/1999\/xlink\" x=\"0px\" y=\"0px\"\n                 width=\"57px\" height=\"70px\" fill=\"#666\" viewBox=\"71.5 65 57 70\" enable-background=\"new 71.5 65 57 70\" xml:space=\"preserve\">\n              <g>\n                <path d=\"M85.62,110.035c0-1.162-0.807-1.855-2.23-1.855c-0.581,0-0.975,0.058-1.181,0.113v3.729\n                  c0.244,0.055,0.543,0.073,0.956,0.073C84.683,112.096,85.62,111.329,85.62,110.035z\"\/>\n                <path d=\"M94.431,108.219c-0.637,0-1.049,0.056-1.293,0.112v8.261c0.244,0.058,0.637,0.058,0.994,0.058\n                  c2.585,0.018,4.271-1.405,4.271-4.421C98.421,109.605,96.884,108.219,94.431,108.219z\"\/>\n                <path d=\"M110.8,65H82.686c-4.107,0-7.451,3.345-7.451,7.45V100h-0.727c-1.658,0-3.003,1.343-3.003,3.002v18.207\n                  c0,1.659,1.345,3.002,3.003,3.002h0.727v3.339c0,4.109,3.343,7.45,7.451,7.45h38.361c4.104,0,7.448-3.341,7.448-7.45V82.633\n                  L110.8,65z M79.381,106.288c0.88-0.148,2.117-0.261,3.859-0.261c1.76,0,3.016,0.336,3.859,1.011\n                  c0.805,0.637,1.349,1.687,1.349,2.923c0,1.234-0.412,2.285-1.161,2.998c-0.975,0.917-2.417,1.328-4.103,1.328\n                  c-0.375,0-0.711-0.019-0.975-0.054v4.515h-2.828V106.288z M121.047,130.438H82.686c-1.591,0-2.886-1.295-2.886-2.888v-3.339h35.761\n                  c1.659,0,3.002-1.343,3.002-3.002v-18.207c0-1.659-1.343-3.002-3.002-3.002H79.8V72.45c0-1.588,1.295-2.883,2.886-2.883\n                  l26.408-0.028v9.761c0,2.851,2.313,5.167,5.166,5.167l9.562-0.027l0.107,43.109C123.93,129.143,122.638,130.438,121.047,130.438z\n                   M90.272,118.689v-12.401c1.048-0.167,2.416-0.261,3.859-0.261c2.397,0,3.953,0.43,5.171,1.347c1.311,0.976,2.134,2.529,2.134,4.76\n                  c0,2.416-0.88,4.085-2.098,5.114c-1.33,1.105-3.353,1.63-5.826,1.63C92.033,118.878,90.983,118.784,90.272,118.689z\n                   M110.718,111.347v2.323h-4.533v5.078h-2.866v-12.627h7.718v2.341h-4.852v2.885H110.718z\"\/>\n              <\/g>\n              <\/svg><a href=\"https:\/\/buggyfit.ch\/wp-content\/uploads\/Weiterbildung_Nordic_Walking_M\u00e4rz2021-1.pdf\">Weiterbildung Nordic Walking mit Kind in der Tragehilfe M\u00e4rz 2021<\/a><\/p>\n<p><\/div><div class=\"button\"><a href=\"https:\/\/buggyfit.ch\/kontakt\/\">Noch Fragen?<\/a><\/div>[\/vc_column][\/vc_row]<\/p>\n<\/div>","protected":false},"excerpt":{"rendered":"<p>[vc_row][vc_column][vc_column_text]We offer interesting training opportunities and help to built your own course or counseling location for nutritionists and fitness specialists. During pregnancy and after birth, many women are unsure how to eat and move so as not to harm their child. You have the opportunity to support these women competently when you attend our training. [&hellip;]<\/p>\n","protected":false},"author":4,"featured_media":0,"parent":0,"menu_order":23,"comment_status":"closed","ping_status":"closed","template":"single-headerimg.php","meta":{"_acf_changed":false,"footnotes":""},"class_list":["post-1145","page","type-page","status-publish","hentry"],"acf":[],"yoast_head":"<!-- This site is optimized with the Yoast SEO plugin v27.1.1 - https:\/\/yoast.com\/product\/yoast-seo-wordpress\/ -->\n<title>buggyfit Weiterbildung Ern\u00e4hrung Fitness Schwangeschaft nach Geburt<\/title>\n<meta name=\"description\" content=\"Weiterbildung f\u00fcr Ern\u00e4hrungsberaterinnen und Fitnessinstruktorinnen zu buggyfit Coaches in der Schwangerschaft und nach Geburt\" \/>\n<meta name=\"robots\" content=\"index, follow, max-snippet:-1, max-image-preview:large, max-video-preview:-1\" \/>\n<link rel=\"canonical\" href=\"https:\/\/buggyfit.ch\/en\/education-program\/\" \/>\n<meta property=\"og:locale\" content=\"en_US\" \/>\n<meta property=\"og:type\" content=\"article\" \/>\n<meta property=\"og:title\" content=\"buggyfit Weiterbildung Ern\u00e4hrung Fitness Schwangeschaft nach Geburt\" \/>\n<meta property=\"og:description\" content=\"Weiterbildung f\u00fcr Ern\u00e4hrungsberaterinnen und Fitnessinstruktorinnen zu buggyfit Coaches in der Schwangerschaft und nach Geburt\" \/>\n<meta property=\"og:url\" content=\"https:\/\/buggyfit.ch\/en\/education-program\/\" \/>\n<meta property=\"og:site_name\" content=\"Buggyfit\" \/>\n<meta property=\"article:modified_time\" content=\"2020-10-02T09:10:15+00:00\" \/>\n<meta name=\"twitter:card\" content=\"summary_large_image\" \/>\n<meta name=\"twitter:label1\" content=\"Est. reading time\" \/>\n\t<meta name=\"twitter:data1\" content=\"1 minute\" \/>\n<script type=\"application\/ld+json\" class=\"yoast-schema-graph\">{\"@context\":\"https:\/\/schema.org\",\"@graph\":[{\"@type\":\"WebPage\",\"@id\":\"https:\/\/buggyfit.ch\/en\/education-program\/\",\"url\":\"https:\/\/buggyfit.ch\/en\/education-program\/\",\"name\":\"buggyfit Weiterbildung Ern\u00e4hrung Fitness Schwangeschaft nach Geburt\",\"isPartOf\":{\"@id\":\"https:\/\/buggyfit.ch\/en\/#website\"},\"datePublished\":\"2018-12-04T20:25:51+00:00\",\"dateModified\":\"2020-10-02T09:10:15+00:00\",\"description\":\"Weiterbildung f\u00fcr Ern\u00e4hrungsberaterinnen und Fitnessinstruktorinnen zu buggyfit Coaches in der Schwangerschaft und nach Geburt\",\"breadcrumb\":{\"@id\":\"https:\/\/buggyfit.ch\/en\/education-program\/#breadcrumb\"},\"inLanguage\":\"en-US\",\"potentialAction\":[{\"@type\":\"ReadAction\",\"target\":[\"https:\/\/buggyfit.ch\/en\/education-program\/\"]}]},{\"@type\":\"BreadcrumbList\",\"@id\":\"https:\/\/buggyfit.ch\/en\/education-program\/#breadcrumb\",\"itemListElement\":[{\"@type\":\"ListItem\",\"position\":1,\"name\":\"Home\",\"item\":\"https:\/\/buggyfit.ch\/en\/\"},{\"@type\":\"ListItem\",\"position\":2,\"name\":\"Education program\"}]},{\"@type\":\"WebSite\",\"@id\":\"https:\/\/buggyfit.ch\/en\/#website\",\"url\":\"https:\/\/buggyfit.ch\/en\/\",\"name\":\"Buggyfit\",\"description\":\"\",\"potentialAction\":[{\"@type\":\"SearchAction\",\"target\":{\"@type\":\"EntryPoint\",\"urlTemplate\":\"https:\/\/buggyfit.ch\/en\/?s={search_term_string}\"},\"query-input\":{\"@type\":\"PropertyValueSpecification\",\"valueRequired\":true,\"valueName\":\"search_term_string\"}}],\"inLanguage\":\"en-US\"}]}<\/script>\n<!-- \/ Yoast SEO plugin. -->","yoast_head_json":{"title":"buggyfit Weiterbildung Ern\u00e4hrung Fitness Schwangeschaft nach Geburt","description":"Weiterbildung f\u00fcr Ern\u00e4hrungsberaterinnen und Fitnessinstruktorinnen zu buggyfit Coaches in der Schwangerschaft und nach Geburt","robots":{"index":"index","follow":"follow","max-snippet":"max-snippet:-1","max-image-preview":"max-image-preview:large","max-video-preview":"max-video-preview:-1"},"canonical":"https:\/\/buggyfit.ch\/en\/education-program\/","og_locale":"en_US","og_type":"article","og_title":"buggyfit Weiterbildung Ern\u00e4hrung Fitness Schwangeschaft nach Geburt","og_description":"Weiterbildung f\u00fcr Ern\u00e4hrungsberaterinnen und Fitnessinstruktorinnen zu buggyfit Coaches in der Schwangerschaft und nach Geburt","og_url":"https:\/\/buggyfit.ch\/en\/education-program\/","og_site_name":"Buggyfit","article_modified_time":"2020-10-02T09:10:15+00:00","twitter_card":"summary_large_image","twitter_misc":{"Est. reading time":"1 minute"},"schema":{"@context":"https:\/\/schema.org","@graph":[{"@type":"WebPage","@id":"https:\/\/buggyfit.ch\/en\/education-program\/","url":"https:\/\/buggyfit.ch\/en\/education-program\/","name":"buggyfit Weiterbildung Ern\u00e4hrung Fitness Schwangeschaft nach Geburt","isPartOf":{"@id":"https:\/\/buggyfit.ch\/en\/#website"},"datePublished":"2018-12-04T20:25:51+00:00","dateModified":"2020-10-02T09:10:15+00:00","description":"Weiterbildung f\u00fcr Ern\u00e4hrungsberaterinnen und Fitnessinstruktorinnen zu buggyfit Coaches in der Schwangerschaft und nach Geburt","breadcrumb":{"@id":"https:\/\/buggyfit.ch\/en\/education-program\/#breadcrumb"},"inLanguage":"en-US","potentialAction":[{"@type":"ReadAction","target":["https:\/\/buggyfit.ch\/en\/education-program\/"]}]},{"@type":"BreadcrumbList","@id":"https:\/\/buggyfit.ch\/en\/education-program\/#breadcrumb","itemListElement":[{"@type":"ListItem","position":1,"name":"Home","item":"https:\/\/buggyfit.ch\/en\/"},{"@type":"ListItem","position":2,"name":"Education program"}]},{"@type":"WebSite","@id":"https:\/\/buggyfit.ch\/en\/#website","url":"https:\/\/buggyfit.ch\/en\/","name":"Buggyfit","description":"","potentialAction":[{"@type":"SearchAction","target":{"@type":"EntryPoint","urlTemplate":"https:\/\/buggyfit.ch\/en\/?s={search_term_string}"},"query-input":{"@type":"PropertyValueSpecification","valueRequired":true,"valueName":"search_term_string"}}],"inLanguage":"en-US"}]}},"_links":{"self":[{"href":"https:\/\/buggyfit.ch\/en\/wp-json\/wp\/v2\/pages\/1145","targetHints":{"allow":["GET"]}}],"collection":[{"href":"https:\/\/buggyfit.ch\/en\/wp-json\/wp\/v2\/pages"}],"about":[{"href":"https:\/\/buggyfit.ch\/en\/wp-json\/wp\/v2\/types\/page"}],"author":[{"embeddable":true,"href":"https:\/\/buggyfit.ch\/en\/wp-json\/wp\/v2\/users\/4"}],"replies":[{"embeddable":true,"href":"https:\/\/buggyfit.ch\/en\/wp-json\/wp\/v2\/comments?post=1145"}],"version-history":[{"count":18,"href":"https:\/\/buggyfit.ch\/en\/wp-json\/wp\/v2\/pages\/1145\/revisions"}],"predecessor-version":[{"id":1900,"href":"https:\/\/buggyfit.ch\/en\/wp-json\/wp\/v2\/pages\/1145\/revisions\/1900"}],"wp:attachment":[{"href":"https:\/\/buggyfit.ch\/en\/wp-json\/wp\/v2\/media?parent=1145"}],"curies":[{"name":"wp","href":"https:\/\/api.w.org\/{rel}","templated":true}]}}